{"id":255982,"date":"2021-09-20T07:43:31","date_gmt":"2021-09-20T07:43:31","guid":{"rendered":"https:\/\/www.indecober.com\/politica-de-cookies\/"},"modified":"2021-09-21T15:14:19","modified_gmt":"2021-09-21T15:14:19","slug":"cookies-policy","status":"publish","type":"page","link":"https:\/\/www.indecober.com\/en\/cookies-policy\/","title":{"rendered":"Cookies Policy"},"content":{"rendered":"\n<p>Este sitio web utiliza cookies y tecnolog\u00edas similares que almacenan y recuperan informaci\u00f3n cuando navegas. En general, estas tecnolog\u00edas pueden servir para finalidades muy diversas, como, por ejemplo, reconocerte como usuario, obtener informaci\u00f3n sobre tus h\u00e1bitos de navegaci\u00f3n o personalizar la forma en que se muestra el contenido.<\/p>\n\n<p>Esta informaci\u00f3n siempre se recoge de manera an\u00f3nima, por lo que en ning\u00fan caso permite identificar al usuario. Los sistemas la emplean \u00fanicamente para reconocer el navegador y algunos datos estad\u00edsticos con el fin de mejorar los servicios que ofrecemos.<\/p>\n\n<p>Los usos concretos que hacemos de estas tecnolog\u00edas se describen a continuaci\u00f3n.<\/p>\n\n<h3 class=\"wp-block-heading\"><strong>COOKIES T\u00c9CNICAS PROPIAS<\/strong><\/h3>\n\n<p>Nuestra web emplea cookies t\u00e9cnicas necesarias para recordar durante su vigencia tus preferencias de navegaci\u00f3n y personalizar la forma en la que se te muestra nuestro contenido. Son las siguientes:<\/p>\n\n<ul class=\"wp-block-list\"><li><strong><em>wordpress_test_cookie<\/em>\u00a0<\/strong>Esta\u00a0<em>cookie<\/em>\u00a0se usa para que el gestor de contenidos WordPress compruebe si el navegador tiene las\u00a0<em>cookies<\/em>activadas.<\/li><li><em><strong>moove_gdpr_popup<\/strong><\/em>\u00a0Cuando esta cookie est\u00e1 habilitada, estas cookies se utilizan para guardar sus preferencias de configuraci\u00f3n de cookies.<\/li><\/ul>\n\n<h3 class=\"wp-block-heading\"><strong>COOKIES DE ANAL\u00cdTICA: GOOGLE ANALYTICS<\/strong><\/h3>\n\n<p>En\u00a0<strong><a href=\"https:\/\/www.indecober.com\/en\/\" data-type=\"page\" data-id=\"12\">indecober.com<\/a><\/strong>, empleamos Google Analitycs para medir c\u00f3mo interact\u00faan los usuarios con nuestra web y sitios relacionados, y comprender c\u00f3mo se relacionan con nosotros por este canal.<\/p>\n\n<p>Google garantiza que las cookies instaladas no incluyen datos personales y que s\u00f3lo se utilizan con el objetivo de recopilar informaci\u00f3n para medir las tendencias de b\u00fasquedas, las preferencias de usuario, el funcionamiento de la web, la publicidad asociada, la ubicaci\u00f3n de usuario y otras.<\/p>\n\n<p>En este sentido, es importante recordar que la obtenci\u00f3n de esta informaci\u00f3n sobre el uso de nuestra web la realiza la propia Google, en su propio nombre, no teniendo Cinfa en ning\u00fan momento acceso a tal informaci\u00f3n. Cinfa \u00fanicamente puede visualizar la informaci\u00f3n agregada que le facilita posteriormente Google a trav\u00e9s de Google Analitycs y que no est\u00e1 asociada a ninguna direcci\u00f3n IP.<\/p>\n\n<p>Por lo tanto, es directamente Google quien determina la finalidad del tratamiento y uso de la informaci\u00f3n captada por Google Analytics, as\u00ed como el funcionamiento y duraci\u00f3n de la \u201ccookie\u201d.<\/p>\n\n<p>Para m\u00e1s informaci\u00f3n de las cookies usadas por Google, puedes visitar\u00a0<strong><a href=\"https:\/\/www.google.es\/intl\/es\/policies\/technologies\/types\/\" target=\"_blank\" rel=\"noreferrer noopener\">Tipos de cookies que utiliza Google<\/a>.<\/strong>\u00a0Google presta su servicio de acuerdo a sus\u00a0<strong><a href=\"http:\/\/www.google.com\/intl\/es\/policies\/terms\/\" target=\"_blank\" rel=\"noreferrer noopener\">condiciones generales<\/a><\/strong>\u00a0y su propia\u00a0<strong><a href=\"http:\/\/www.google.com\/intl\/es\/policies\/privacy\/\" target=\"_blank\" rel=\"noreferrer noopener\">pol\u00edtica de privacidad<\/a><\/strong>.<\/p>\n\n<h3 class=\"wp-block-heading\"><strong>CONSENTIMIENTO O RECHAZO DE \u201cCOOKIES\u201d<\/strong><\/h3>\n\n<p>Si no est\u00e1s de acuerdo con que las \u201ccookies\u201d descritas puedan recopilar la informaci\u00f3n mencionada, puedes rechazar su instalaci\u00f3n en el panel de configuraci\u00f3n de cookies de esta web. Este panel es accesible desde la ventana emergente de Aceptaci\u00f3n\/ Configuraci\u00f3n de cookies la primera vez que accedes a la web.<\/p>\n\n<p>As\u00ed mismo, los navegadores disponen de sus propias herramientas para bloquear de forma general las \u201ccookies\u201d de las distintas p\u00e1ginas webs. En los enlaces que siguen, puedes consultar la forma de configurar estas opciones en los navegadores m\u00e1s habituales.<\/p>\n\n<p><strong><a href=\"https:\/\/support.google.com\/chrome\/answer\/95647?hl=es-419\" target=\"_blank\" rel=\"noreferrer noopener\">Google Chrome<\/a><\/strong><\/p>\n\n<p><strong><a href=\"http:\/\/windows.microsoft.com\/es-es\/internet-explorer\/delete-manage-cookies#ie=ie-11-win-7\" target=\"_blank\" rel=\"noreferrer noopener\">Internet Explorer<\/a><\/strong><\/p>\n\n<p><a href=\"http:\/\/support.mozilla.org\/es\/kb\/habilitar-y-deshabilitar-cookies-que-los-sitios-we\"><strong>Mozilla Firefox<\/strong><\/a><\/p>\n\n<p><strong><a href=\"https:\/\/support.apple.com\/es-es\/HT201265\" target=\"_blank\" rel=\"noreferrer noopener\">Safari para IPhone, IPad, IPod<\/a><\/strong><\/p>\n\n<p><strong><a href=\"http:\/\/help.opera.com\/Windows\/8.54\/es-ES\/index.html\" target=\"_blank\" rel=\"noreferrer noopener\">Opera<\/a><\/strong><\/p>\n\n<p>En el caso de dispositivos m\u00f3viles, tambi\u00e9n es habitual que el navegador disponga de estas opciones en el apartado de Ajustes.<\/p>\n\n<p><strong>Sin embargo, te recordamos que si rechazas las \u201ccookies\u201d, es posible que ciertos servicios y funcionalidades de nuestra web queden deshabilitados, y por lo tanto, no puedas realizar un uso \u00f3ptimo de este sitio.<\/strong><\/p>\n\n<div style=\"height:100px\" aria-hidden=\"true\" class=\"wp-block-spacer\"><\/div>\n","protected":false},"excerpt":{"rendered":"<p>Este sitio web utiliza cookies y tecnolog\u00edas similares que almacenan y recuperan informaci\u00f3n cuando navegas. En general, estas tecnolog\u00edas pueden servir para finalidades muy diversas, como, por ejemplo, reconocerte como usuario, obtener informaci\u00f3n sobre tus h\u00e1bitos de navegaci\u00f3n o personalizar la forma en que se muestra el contenido. Esta informaci\u00f3n siempre se recoge de manera [&hellip;]<\/p>\n","protected":false},"author":1,"featured_media":0,"parent":0,"menu_order":0,"comment_status":"closed","ping_status":"closed","template":"","meta":{"_et_pb_use_builder":"off","_et_pb_old_content":"","_et_gb_content_width":"","footnotes":""},"class_list":["post-255982","page","type-page","status-publish","hentry"],"yoast_head":"<!-- This site is optimized with the Yoast SEO plugin v27.4 - https:\/\/yoast.com\/product\/yoast-seo-wordpress\/ -->\n<title>Cookies Policy - indecober. Comprehensive machining<\/title>\n<meta name=\"robots\" content=\"index, follow, max-snippet:-1, max-image-preview:large, max-video-preview:-1\" \/>\n<link rel=\"canonical\" href=\"https:\/\/www.indecober.com\/en\/cookies-policy\/\" \/>\n<meta property=\"og:locale\" content=\"en_US\" \/>\n<meta property=\"og:type\" content=\"article\" \/>\n<meta property=\"og:title\" content=\"Cookies Policy - indecober. Comprehensive machining\" \/>\n<meta property=\"og:description\" content=\"Este sitio web utiliza cookies y tecnolog\u00edas similares que almacenan y recuperan informaci\u00f3n cuando navegas. En general, estas tecnolog\u00edas pueden servir para finalidades muy diversas, como, por ejemplo, reconocerte como usuario, obtener informaci\u00f3n sobre tus h\u00e1bitos de navegaci\u00f3n o personalizar la forma en que se muestra el contenido. Esta informaci\u00f3n siempre se recoge de manera [&hellip;]\" \/>\n<meta property=\"og:url\" content=\"https:\/\/www.indecober.com\/en\/cookies-policy\/\" \/>\n<meta property=\"og:site_name\" content=\"indecober. Comprehensive machining\" \/>\n<meta property=\"article:modified_time\" content=\"2021-09-21T15:14:19+00:00\" \/>\n<meta name=\"twitter:card\" content=\"summary_large_image\" \/>\n<meta name=\"twitter:label1\" content=\"Est. reading time\" \/>\n\t<meta name=\"twitter:data1\" content=\"3 minutes\" \/>\n<script type=\"application\/ld+json\" class=\"yoast-schema-graph\">{\"@context\":\"https:\\\/\\\/schema.org\",\"@graph\":[{\"@type\":\"WebPage\",\"@id\":\"https:\\\/\\\/www.indecober.com\\\/en\\\/cookies-policy\\\/\",\"url\":\"https:\\\/\\\/www.indecober.com\\\/en\\\/cookies-policy\\\/\",\"name\":\"Cookies Policy - indecober. Comprehensive machining\",\"isPartOf\":{\"@id\":\"https:\\\/\\\/www.indecober.com\\\/en\\\/#website\"},\"datePublished\":\"2021-09-20T07:43:31+00:00\",\"dateModified\":\"2021-09-21T15:14:19+00:00\",\"breadcrumb\":{\"@id\":\"https:\\\/\\\/www.indecober.com\\\/en\\\/cookies-policy\\\/#breadcrumb\"},\"inLanguage\":\"en-US\",\"potentialAction\":[{\"@type\":\"ReadAction\",\"target\":[\"https:\\\/\\\/www.indecober.com\\\/en\\\/cookies-policy\\\/\"]}]},{\"@type\":\"BreadcrumbList\",\"@id\":\"https:\\\/\\\/www.indecober.com\\\/en\\\/cookies-policy\\\/#breadcrumb\",\"itemListElement\":[{\"@type\":\"ListItem\",\"position\":1,\"name\":\"Portada\",\"item\":\"https:\\\/\\\/www.indecober.com\\\/en\\\/\"},{\"@type\":\"ListItem\",\"position\":2,\"name\":\"Cookies Policy\"}]},{\"@type\":\"WebSite\",\"@id\":\"https:\\\/\\\/www.indecober.com\\\/en\\\/#website\",\"url\":\"https:\\\/\\\/www.indecober.com\\\/en\\\/\",\"name\":\"indecober. Comprehensive machining\",\"description\":\"YOUR COMPREHENSIVE MACHINING SERVICE\",\"publisher\":{\"@id\":\"https:\\\/\\\/www.indecober.com\\\/en\\\/#organization\"},\"potentialAction\":[{\"@type\":\"SearchAction\",\"target\":{\"@type\":\"EntryPoint\",\"urlTemplate\":\"https:\\\/\\\/www.indecober.com\\\/en\\\/?s={search_term_string}\"},\"query-input\":{\"@type\":\"PropertyValueSpecification\",\"valueRequired\":true,\"valueName\":\"search_term_string\"}}],\"inLanguage\":\"en-US\"},{\"@type\":\"Organization\",\"@id\":\"https:\\\/\\\/www.indecober.com\\\/en\\\/#organization\",\"name\":\"Indecober S.L.U.\",\"url\":\"https:\\\/\\\/www.indecober.com\\\/en\\\/\",\"logo\":{\"@type\":\"ImageObject\",\"inLanguage\":\"en-US\",\"@id\":\"https:\\\/\\\/www.indecober.com\\\/en\\\/#\\\/schema\\\/logo\\\/image\\\/\",\"url\":\"https:\\\/\\\/www.indecober.com\\\/wp-content\\\/uploads\\\/2021\\\/09\\\/indecober-v.png\",\"contentUrl\":\"https:\\\/\\\/www.indecober.com\\\/wp-content\\\/uploads\\\/2021\\\/09\\\/indecober-v.png\",\"width\":1036,\"height\":746,\"caption\":\"Indecober S.L.U.\"},\"image\":{\"@id\":\"https:\\\/\\\/www.indecober.com\\\/en\\\/#\\\/schema\\\/logo\\\/image\\\/\"}}]}<\/script>\n<!-- \/ Yoast SEO plugin. -->","yoast_head_json":{"title":"Cookies Policy - indecober. Comprehensive machining","robots":{"index":"index","follow":"follow","max-snippet":"max-snippet:-1","max-image-preview":"max-image-preview:large","max-video-preview":"max-video-preview:-1"},"canonical":"https:\/\/www.indecober.com\/en\/cookies-policy\/","og_locale":"en_US","og_type":"article","og_title":"Cookies Policy - indecober. Comprehensive machining","og_description":"Este sitio web utiliza cookies y tecnolog\u00edas similares que almacenan y recuperan informaci\u00f3n cuando navegas. En general, estas tecnolog\u00edas pueden servir para finalidades muy diversas, como, por ejemplo, reconocerte como usuario, obtener informaci\u00f3n sobre tus h\u00e1bitos de navegaci\u00f3n o personalizar la forma en que se muestra el contenido. Esta informaci\u00f3n siempre se recoge de manera [&hellip;]","og_url":"https:\/\/www.indecober.com\/en\/cookies-policy\/","og_site_name":"indecober. Comprehensive machining","article_modified_time":"2021-09-21T15:14:19+00:00","twitter_card":"summary_large_image","twitter_misc":{"Est. reading time":"3 minutes"},"schema":{"@context":"https:\/\/schema.org","@graph":[{"@type":"WebPage","@id":"https:\/\/www.indecober.com\/en\/cookies-policy\/","url":"https:\/\/www.indecober.com\/en\/cookies-policy\/","name":"Cookies Policy - indecober. Comprehensive machining","isPartOf":{"@id":"https:\/\/www.indecober.com\/en\/#website"},"datePublished":"2021-09-20T07:43:31+00:00","dateModified":"2021-09-21T15:14:19+00:00","breadcrumb":{"@id":"https:\/\/www.indecober.com\/en\/cookies-policy\/#breadcrumb"},"inLanguage":"en-US","potentialAction":[{"@type":"ReadAction","target":["https:\/\/www.indecober.com\/en\/cookies-policy\/"]}]},{"@type":"BreadcrumbList","@id":"https:\/\/www.indecober.com\/en\/cookies-policy\/#breadcrumb","itemListElement":[{"@type":"ListItem","position":1,"name":"Portada","item":"https:\/\/www.indecober.com\/en\/"},{"@type":"ListItem","position":2,"name":"Cookies Policy"}]},{"@type":"WebSite","@id":"https:\/\/www.indecober.com\/en\/#website","url":"https:\/\/www.indecober.com\/en\/","name":"indecober. Comprehensive machining","description":"YOUR COMPREHENSIVE MACHINING SERVICE","publisher":{"@id":"https:\/\/www.indecober.com\/en\/#organization"},"potentialAction":[{"@type":"SearchAction","target":{"@type":"EntryPoint","urlTemplate":"https:\/\/www.indecober.com\/en\/?s={search_term_string}"},"query-input":{"@type":"PropertyValueSpecification","valueRequired":true,"valueName":"search_term_string"}}],"inLanguage":"en-US"},{"@type":"Organization","@id":"https:\/\/www.indecober.com\/en\/#organization","name":"Indecober S.L.U.","url":"https:\/\/www.indecober.com\/en\/","logo":{"@type":"ImageObject","inLanguage":"en-US","@id":"https:\/\/www.indecober.com\/en\/#\/schema\/logo\/image\/","url":"https:\/\/www.indecober.com\/wp-content\/uploads\/2021\/09\/indecober-v.png","contentUrl":"https:\/\/www.indecober.com\/wp-content\/uploads\/2021\/09\/indecober-v.png","width":1036,"height":746,"caption":"Indecober S.L.U."},"image":{"@id":"https:\/\/www.indecober.com\/en\/#\/schema\/logo\/image\/"}}]}},"_links":{"self":[{"href":"https:\/\/www.indecober.com\/en\/wp-json\/wp\/v2\/pages\/255982","targetHints":{"allow":["GET"]}}],"collection":[{"href":"https:\/\/www.indecober.com\/en\/wp-json\/wp\/v2\/pages"}],"about":[{"href":"https:\/\/www.indecober.com\/en\/wp-json\/wp\/v2\/types\/page"}],"author":[{"embeddable":true,"href":"https:\/\/www.indecober.com\/en\/wp-json\/wp\/v2\/users\/1"}],"replies":[{"embeddable":true,"href":"https:\/\/www.indecober.com\/en\/wp-json\/wp\/v2\/comments?post=255982"}],"version-history":[{"count":5,"href":"https:\/\/www.indecober.com\/en\/wp-json\/wp\/v2\/pages\/255982\/revisions"}],"predecessor-version":[{"id":256207,"href":"https:\/\/www.indecober.com\/en\/wp-json\/wp\/v2\/pages\/255982\/revisions\/256207"}],"wp:attachment":[{"href":"https:\/\/www.indecober.com\/en\/wp-json\/wp\/v2\/media?parent=255982"}],"curies":[{"name":"wp","href":"https:\/\/api.w.org\/{rel}","templated":true}]}}