{"id":255984,"date":"2021-09-10T08:04:16","date_gmt":"2021-09-10T08:04:16","guid":{"rendered":"https:\/\/www.indecober.com\/politica-de-gestion-de-calidad-y-de-seguridad-y-salud-laboral\/"},"modified":"2021-09-21T15:22:37","modified_gmt":"2021-09-21T15:22:37","slug":"quality-health-and-safety-and-environmental-policy-of-indecober-s-l-u","status":"publish","type":"page","link":"https:\/\/www.indecober.com\/en\/quality-health-and-safety-and-environmental-policy-of-indecober-s-l-u\/","title":{"rendered":"Quality, health and safety and environmental policy of Indecober S.L.U."},"content":{"rendered":"\n<p><em>La gerencia de <\/em><strong><em>Indecober S.L.U.<\/em><\/strong><em> enfoca el sistema integrado de calidad\u00a0 y prevenci\u00f3n de riesgos laborales como objetivo estrat\u00e9gico para satisfacer al 100% las expectativas y necesidades de todos los clientes, trabajadores y la de aquellas otras personas que puedan verse afectadas por nuestras actividades, cumpliendo los requisitos establecidos en la legislaci\u00f3n vigente y aquellos otros derivados de compromisos acordados por la organizaci\u00f3n.<\/em><\/p>\n\n<p><strong><em><strong><em>Indecober S.L.U.<\/em><\/strong><\/em><\/strong><em> se compromete a la prevenci\u00f3n de los da\u00f1os y deterioros de la salud tanto de sus trabajadores como aquellos que desarrollan su actividad en sus instalaciones.\u00a0<\/em><\/p>\n\n<p><em>Este sistema se fundamenta en una mejora continua dirigida hacia la excelencia empresarial en sus procesos, productos e interrelaciones con las organizaciones influyentes con <\/em><strong><em><strong><em>Indecober S.L.U.<\/em><\/strong><\/em><\/strong><\/p>\n\n<p><em>En s\u00edntesis, estos fundamentos vienen definidos en los siguientes aspectos:<\/em><\/p>\n\n<ul class=\"wp-block-list\"><li><em>Los h\u00e1bitos de la calidad y de la seguridad y salud en el trabajo y\u00a0 su mejora es responsabilidad de todos los integrantes de <\/em><strong><em>Indecober S.L.U. <\/em><\/strong><em>empezando por la propia gerencia. Dotando esta de todos los medios necesarios.<\/em><\/li><li><em>La mejora continua es un compromiso para poder mantener un marco competitivo dentro del sector de mecanizado en el que estamos ubicados.<\/em><\/li><li><em>La atenci\u00f3n y el servicio a nuestros clientes, tanto externos como internos, son nuestra raz\u00f3n de existir en el negocio, por lo que sus necesidades son nuestras obligaciones.<\/em><\/li><li><em>El activo m\u00e1s valioso con que cuenta la empresa es su personal, por ello prestamos especial atenci\u00f3n a sus expectativas en formaci\u00f3n, motivaci\u00f3n y comunicaci\u00f3n.<\/em><\/li><li><em>Prestar la m\u00e1xima atenci\u00f3n a la evoluci\u00f3n tecnol\u00f3gica y a las posibles mejoras que las tecnolog\u00edas pusieran a nuestro alcance.<\/em><\/li><li><em>Compromiso con el medio ambiente y el entorno.<\/em><\/li><\/ul>\n\n<p><em>Para la aplicaci\u00f3n eficaz y eficiente de todos estos principios es imprescindible la confianza y apoyo a los mismos por todos los integrantes de Indecober, as\u00ed como de sus proveedores y clientes.<\/em><\/p>\n\n<p><em>Anualmente la Gerencia de <\/em><strong><em><strong><em>Indecober S.L.U.<\/em><\/strong>.<\/em><\/strong><em> revisa el cumplimiento de sus objetivos y plantea nuevos proyectos para garantizar que la mejora continua del sistema se traslade a los planos empresarial y laboral de todas las actividades a su cargo, ya se desarrollen directa o indirectamente.<\/em><\/p>\n\n<div style=\"height:100px\" aria-hidden=\"true\" class=\"wp-block-spacer\"><\/div>\n\n<p><\/p>\n","protected":false},"excerpt":{"rendered":"<p>La gerencia de Indecober S.L.U. enfoca el sistema integrado de calidad\u00a0 y prevenci\u00f3n de riesgos laborales como objetivo estrat\u00e9gico para satisfacer al 100% las expectativas y necesidades de todos los clientes, trabajadores y la de aquellas otras personas que puedan verse afectadas por nuestras actividades, cumpliendo los requisitos establecidos en la legislaci\u00f3n vigente y aquellos [&hellip;]<\/p>\n","protected":false},"author":1,"featured_media":0,"parent":0,"menu_order":0,"comment_status":"closed","ping_status":"closed","template":"","meta":{"_et_pb_use_builder":"","_et_pb_old_content":"","_et_gb_content_width":"1080","footnotes":""},"class_list":["post-255984","page","type-page","status-publish","hentry"],"yoast_head":"<!-- This site is optimized with the Yoast SEO plugin v27.4 - https:\/\/yoast.com\/product\/yoast-seo-wordpress\/ -->\n<title>Quality, health and safety and environmental policy of Indecober S.L.U. - indecober. Comprehensive machining<\/title>\n<meta name=\"robots\" content=\"index, follow, max-snippet:-1, max-image-preview:large, max-video-preview:-1\" \/>\n<link rel=\"canonical\" href=\"https:\/\/www.indecober.com\/en\/quality-health-and-safety-and-environmental-policy-of-indecober-s-l-u\/\" \/>\n<meta property=\"og:locale\" content=\"en_US\" \/>\n<meta property=\"og:type\" content=\"article\" \/>\n<meta property=\"og:title\" content=\"Quality, health and safety and environmental policy of Indecober S.L.U. - indecober. Comprehensive machining\" \/>\n<meta property=\"og:description\" content=\"La gerencia de Indecober S.L.U. enfoca el sistema integrado de calidad\u00a0 y prevenci\u00f3n de riesgos laborales como objetivo estrat\u00e9gico para satisfacer al 100% las expectativas y necesidades de todos los clientes, trabajadores y la de aquellas otras personas que puedan verse afectadas por nuestras actividades, cumpliendo los requisitos establecidos en la legislaci\u00f3n vigente y aquellos [&hellip;]\" \/>\n<meta property=\"og:url\" content=\"https:\/\/www.indecober.com\/en\/quality-health-and-safety-and-environmental-policy-of-indecober-s-l-u\/\" \/>\n<meta property=\"og:site_name\" content=\"indecober. Comprehensive machining\" \/>\n<meta property=\"article:modified_time\" content=\"2021-09-21T15:22:37+00:00\" \/>\n<meta name=\"twitter:card\" content=\"summary_large_image\" \/>\n<meta name=\"twitter:label1\" content=\"Est. reading time\" \/>\n\t<meta name=\"twitter:data1\" content=\"2 minutes\" \/>\n<script type=\"application\/ld+json\" class=\"yoast-schema-graph\">{\"@context\":\"https:\\\/\\\/schema.org\",\"@graph\":[{\"@type\":\"WebPage\",\"@id\":\"https:\\\/\\\/www.indecober.com\\\/en\\\/quality-health-and-safety-and-environmental-policy-of-indecober-s-l-u\\\/\",\"url\":\"https:\\\/\\\/www.indecober.com\\\/en\\\/quality-health-and-safety-and-environmental-policy-of-indecober-s-l-u\\\/\",\"name\":\"Quality, health and safety and environmental policy of Indecober S.L.U. - indecober. Comprehensive machining\",\"isPartOf\":{\"@id\":\"https:\\\/\\\/www.indecober.com\\\/en\\\/#website\"},\"datePublished\":\"2021-09-10T08:04:16+00:00\",\"dateModified\":\"2021-09-21T15:22:37+00:00\",\"breadcrumb\":{\"@id\":\"https:\\\/\\\/www.indecober.com\\\/en\\\/quality-health-and-safety-and-environmental-policy-of-indecober-s-l-u\\\/#breadcrumb\"},\"inLanguage\":\"en-US\",\"potentialAction\":[{\"@type\":\"ReadAction\",\"target\":[\"https:\\\/\\\/www.indecober.com\\\/en\\\/quality-health-and-safety-and-environmental-policy-of-indecober-s-l-u\\\/\"]}]},{\"@type\":\"BreadcrumbList\",\"@id\":\"https:\\\/\\\/www.indecober.com\\\/en\\\/quality-health-and-safety-and-environmental-policy-of-indecober-s-l-u\\\/#breadcrumb\",\"itemListElement\":[{\"@type\":\"ListItem\",\"position\":1,\"name\":\"Portada\",\"item\":\"https:\\\/\\\/www.indecober.com\\\/en\\\/\"},{\"@type\":\"ListItem\",\"position\":2,\"name\":\"Quality, health and safety and environmental policy of Indecober S.L.U.\"}]},{\"@type\":\"WebSite\",\"@id\":\"https:\\\/\\\/www.indecober.com\\\/en\\\/#website\",\"url\":\"https:\\\/\\\/www.indecober.com\\\/en\\\/\",\"name\":\"indecober. Comprehensive machining\",\"description\":\"YOUR COMPREHENSIVE MACHINING SERVICE\",\"publisher\":{\"@id\":\"https:\\\/\\\/www.indecober.com\\\/en\\\/#organization\"},\"potentialAction\":[{\"@type\":\"SearchAction\",\"target\":{\"@type\":\"EntryPoint\",\"urlTemplate\":\"https:\\\/\\\/www.indecober.com\\\/en\\\/?s={search_term_string}\"},\"query-input\":{\"@type\":\"PropertyValueSpecification\",\"valueRequired\":true,\"valueName\":\"search_term_string\"}}],\"inLanguage\":\"en-US\"},{\"@type\":\"Organization\",\"@id\":\"https:\\\/\\\/www.indecober.com\\\/en\\\/#organization\",\"name\":\"Indecober S.L.U.\",\"url\":\"https:\\\/\\\/www.indecober.com\\\/en\\\/\",\"logo\":{\"@type\":\"ImageObject\",\"inLanguage\":\"en-US\",\"@id\":\"https:\\\/\\\/www.indecober.com\\\/en\\\/#\\\/schema\\\/logo\\\/image\\\/\",\"url\":\"https:\\\/\\\/www.indecober.com\\\/wp-content\\\/uploads\\\/2021\\\/09\\\/indecober-v.png\",\"contentUrl\":\"https:\\\/\\\/www.indecober.com\\\/wp-content\\\/uploads\\\/2021\\\/09\\\/indecober-v.png\",\"width\":1036,\"height\":746,\"caption\":\"Indecober S.L.U.\"},\"image\":{\"@id\":\"https:\\\/\\\/www.indecober.com\\\/en\\\/#\\\/schema\\\/logo\\\/image\\\/\"}}]}<\/script>\n<!-- \/ Yoast SEO plugin. -->","yoast_head_json":{"title":"Quality, health and safety and environmental policy of Indecober S.L.U. - indecober. Comprehensive machining","robots":{"index":"index","follow":"follow","max-snippet":"max-snippet:-1","max-image-preview":"max-image-preview:large","max-video-preview":"max-video-preview:-1"},"canonical":"https:\/\/www.indecober.com\/en\/quality-health-and-safety-and-environmental-policy-of-indecober-s-l-u\/","og_locale":"en_US","og_type":"article","og_title":"Quality, health and safety and environmental policy of Indecober S.L.U. - indecober. Comprehensive machining","og_description":"La gerencia de Indecober S.L.U. enfoca el sistema integrado de calidad\u00a0 y prevenci\u00f3n de riesgos laborales como objetivo estrat\u00e9gico para satisfacer al 100% las expectativas y necesidades de todos los clientes, trabajadores y la de aquellas otras personas que puedan verse afectadas por nuestras actividades, cumpliendo los requisitos establecidos en la legislaci\u00f3n vigente y aquellos [&hellip;]","og_url":"https:\/\/www.indecober.com\/en\/quality-health-and-safety-and-environmental-policy-of-indecober-s-l-u\/","og_site_name":"indecober. Comprehensive machining","article_modified_time":"2021-09-21T15:22:37+00:00","twitter_card":"summary_large_image","twitter_misc":{"Est. reading time":"2 minutes"},"schema":{"@context":"https:\/\/schema.org","@graph":[{"@type":"WebPage","@id":"https:\/\/www.indecober.com\/en\/quality-health-and-safety-and-environmental-policy-of-indecober-s-l-u\/","url":"https:\/\/www.indecober.com\/en\/quality-health-and-safety-and-environmental-policy-of-indecober-s-l-u\/","name":"Quality, health and safety and environmental policy of Indecober S.L.U. - indecober. Comprehensive machining","isPartOf":{"@id":"https:\/\/www.indecober.com\/en\/#website"},"datePublished":"2021-09-10T08:04:16+00:00","dateModified":"2021-09-21T15:22:37+00:00","breadcrumb":{"@id":"https:\/\/www.indecober.com\/en\/quality-health-and-safety-and-environmental-policy-of-indecober-s-l-u\/#breadcrumb"},"inLanguage":"en-US","potentialAction":[{"@type":"ReadAction","target":["https:\/\/www.indecober.com\/en\/quality-health-and-safety-and-environmental-policy-of-indecober-s-l-u\/"]}]},{"@type":"BreadcrumbList","@id":"https:\/\/www.indecober.com\/en\/quality-health-and-safety-and-environmental-policy-of-indecober-s-l-u\/#breadcrumb","itemListElement":[{"@type":"ListItem","position":1,"name":"Portada","item":"https:\/\/www.indecober.com\/en\/"},{"@type":"ListItem","position":2,"name":"Quality, health and safety and environmental policy of Indecober S.L.U."}]},{"@type":"WebSite","@id":"https:\/\/www.indecober.com\/en\/#website","url":"https:\/\/www.indecober.com\/en\/","name":"indecober. Comprehensive machining","description":"YOUR COMPREHENSIVE MACHINING SERVICE","publisher":{"@id":"https:\/\/www.indecober.com\/en\/#organization"},"potentialAction":[{"@type":"SearchAction","target":{"@type":"EntryPoint","urlTemplate":"https:\/\/www.indecober.com\/en\/?s={search_term_string}"},"query-input":{"@type":"PropertyValueSpecification","valueRequired":true,"valueName":"search_term_string"}}],"inLanguage":"en-US"},{"@type":"Organization","@id":"https:\/\/www.indecober.com\/en\/#organization","name":"Indecober S.L.U.","url":"https:\/\/www.indecober.com\/en\/","logo":{"@type":"ImageObject","inLanguage":"en-US","@id":"https:\/\/www.indecober.com\/en\/#\/schema\/logo\/image\/","url":"https:\/\/www.indecober.com\/wp-content\/uploads\/2021\/09\/indecober-v.png","contentUrl":"https:\/\/www.indecober.com\/wp-content\/uploads\/2021\/09\/indecober-v.png","width":1036,"height":746,"caption":"Indecober S.L.U."},"image":{"@id":"https:\/\/www.indecober.com\/en\/#\/schema\/logo\/image\/"}}]}},"_links":{"self":[{"href":"https:\/\/www.indecober.com\/en\/wp-json\/wp\/v2\/pages\/255984","targetHints":{"allow":["GET"]}}],"collection":[{"href":"https:\/\/www.indecober.com\/en\/wp-json\/wp\/v2\/pages"}],"about":[{"href":"https:\/\/www.indecober.com\/en\/wp-json\/wp\/v2\/types\/page"}],"author":[{"embeddable":true,"href":"https:\/\/www.indecober.com\/en\/wp-json\/wp\/v2\/users\/1"}],"replies":[{"embeddable":true,"href":"https:\/\/www.indecober.com\/en\/wp-json\/wp\/v2\/comments?post=255984"}],"version-history":[{"count":3,"href":"https:\/\/www.indecober.com\/en\/wp-json\/wp\/v2\/pages\/255984\/revisions"}],"predecessor-version":[{"id":256211,"href":"https:\/\/www.indecober.com\/en\/wp-json\/wp\/v2\/pages\/255984\/revisions\/256211"}],"wp:attachment":[{"href":"https:\/\/www.indecober.com\/en\/wp-json\/wp\/v2\/media?parent=255984"}],"curies":[{"name":"wp","href":"https:\/\/api.w.org\/{rel}","templated":true}]}}