{"id":255986,"date":"2021-07-19T11:11:01","date_gmt":"2021-07-19T11:11:01","guid":{"rendered":"https:\/\/www.indecober.com\/politica-de-privacidad\/"},"modified":"2021-09-21T15:15:13","modified_gmt":"2021-09-21T15:15:13","slug":"privacy-policy","status":"publish","type":"page","link":"https:\/\/www.indecober.com\/en\/privacy-policy\/","title":{"rendered":"Privacy Policy"},"content":{"rendered":"\n<p>De conformidad con el Reglamento General de Protecci\u00f3n de Datos 2016\/679, del Parlamento Europeo y del Consejo, de 27 abril de 2016, esta Pol\u00edtica de Privacidad tiene por objeto dar a conocer el modo en que la <a href=\"http:\/\/indecober.com\" data-type=\"URL\" data-id=\"indecober.com\">Indecober S.L<\/a>. recaba, trata y protege los datos de car\u00e1cter personal de las personas que acceden o hacen uso de sus servicios.<\/p>\n\n<h5 class=\"wp-block-heading\">RESPONSABLE DEL TRATAMIENTO<\/h5>\n\n<p>Indecober S.L.<br\/>CIF B48476550<br\/>Direcci\u00f3n Postal: Pol\u00edgono Industrial Eitua N\u00ba 43. 48240 BERRIZ (BIZKAIA)<br\/>Tel\u00e9fono: (+34) 946 225 275<br\/>Direcci\u00f3n electr\u00f3nica: <a href=\"mailto:general@indecober.com\">general@indecober.com<\/a><\/p>\n\n<h5 class=\"wp-block-heading\">FINALIDADES DEL TRATAMIENTO DE LOS DATOS PERSONALES<\/h5>\n\n<p><a href=\"http:\/\/indecober.com\" data-type=\"URL\" data-id=\"indecober.com\">Indecober S.L<\/a> trata los datos personales recabados para la prestaci\u00f3n de servicios de comunicaci\u00f3n y marketing y env\u00edo de comunicaciones por medios f\u00edsicos y electr\u00f3nicos relativas a sus actividades y servicios, as\u00ed como para la realizaci\u00f3n de perfiles vinculados a las preferencias de las personas usuarias sin que ello suponga la adopci\u00f3n de decisiones automatizadas que generen efectos para aqu\u00e9llas.<\/p>\n\n<p>Respecto de cada uno de los servicios ofrecidos la persona usuaria encontrar\u00e1 en este portal de privacidad una pol\u00edtica informativa espec\u00edfica relativa al tratamiento de los datos personales que se le solicitan para la ejecuci\u00f3n del servicio de que se trate.<\/p>\n\n<h5 class=\"wp-block-heading\">PROCEDENCIA DE LOS DATOS<\/h5>\n\n<p>Los datos personales recabados proceden directamente de la informaci\u00f3n ofrecida por las personas a las que dichos datos se refieren.<\/p>\n\n<h5 class=\"wp-block-heading\">EXACTITUD Y VERACIDAD DE LOS DATOS FACILITADOS<\/h5>\n\n<p>Las personas usuarias de los servicios de <a href=\"http:\/\/indecober.com\" data-type=\"URL\" data-id=\"indecober.com\">Indecober S.L<\/a> garantizan y responden de la exactitud, vigencia y autenticidad de los datos personales facilitados, y se comprometen a mantenerlos debidamente actualizados.<\/p>\n\n<h5 class=\"wp-block-heading\">CONSERVACI\u00d3N<\/h5>\n\n<p>Los datos personales proporcionados se conservar\u00e1n mientras sean necesarias para atender a las finalidades para las que, en cada caso, hayan sido recabados al objeto de mantener la relaci\u00f3n o v\u00ednculo de la persona interesada con la organizaci\u00f3n y no se solicite su supresi\u00f3n por la persona, siendo asimismo conservados conforme a los plazos legales de cumplimiento de obligaciones legales exigibles a <a href=\"http:\/\/indecober.com\" data-type=\"URL\" data-id=\"indecober.com\">Indecober S.L<\/a><\/p>\n\n<h5 class=\"wp-block-heading\">LEGITIMACI\u00d3N. T\u00cdTULO LEGAL HABILITANTE PARA EL USO DE LOS DATOS<\/h5>\n\n<p>La legitimaci\u00f3n para el tratamiento de los datos por parte de <a href=\"http:\/\/indecober.com\" data-type=\"URL\" data-id=\"indecober.com\">Indecober S.L<\/a>. se efectuar\u00e1 en los t\u00e9rminos establecidos por el art\u00edculo 6 del Reglamento General Europeo de Protecci\u00f3n de Datos, siendo informada la persona titular de los mismos del t\u00edtulo o t\u00edtulos de licitud que en cada prestaci\u00f3n de servicio se apliquen, y que podr\u00e1n ser el consentimiento, la ejecuci\u00f3n de una relaci\u00f3n jur\u00eddica en la que la persona sea parte, el cumplimiento de una obligaci\u00f3n legal o el inter\u00e9s y leg\u00edtimo de la organizaci\u00f3n en el desarrollo de sus servicios y competencias.<\/p>\n\n<h5 class=\"wp-block-heading\">DESTINATARIOS<\/h5>\n\n<p>Durante el tratamiento de los datos personales <a href=\"http:\/\/indecober.com\" data-type=\"URL\" data-id=\"indecober.com\">Indecober S.L<\/a> no realizar\u00e1 ninguna cesi\u00f3n de estos salvo en cumplimiento de una obligaci\u00f3n legal o previa autorizaci\u00f3n de la persona a la que se solicitar\u00e1 en el caso en que sea necesario.<\/p>\n\n<p>La gesti\u00f3n de los datos no supone la realizaci\u00f3n de transferencias internacionales de dichos datos. No obstante, en el caso de que la prestaci\u00f3n de servicios requiera la utilizaci\u00f3n de la informaci\u00f3n personal por empresas que act\u00faen en calidad de encargados de tratamiento de <a href=\"http:\/\/indecober.com\" data-type=\"URL\" data-id=\"indecober.com\">Indecober S.L<\/a>, y que se ubiquen fuera de la Uni\u00f3n Europea se garantizar\u00e1 su adhesi\u00f3n al acuerdo Estados Unidos-Uni\u00f3n Europea Privacy Shield o Escudo de Privacidad o al cumplimiento de garant\u00eda de adecuaci\u00f3n a la normativa europea en t\u00e9rminos de confidencialidad y seguridad en el tratamiento de los datos.<\/p>\n\n<h5 class=\"wp-block-heading\">DERECHOS<\/h5>\n\n<p><a href=\"http:\/\/indecober.com\" data-type=\"URL\" data-id=\"indecober.com\">Indecober S.L<\/a> facilita a las personas interesadas el ejercicio de los siguientes derechos vinculados al tratamiento de sus datos personales:<br\/>Derecho a solicitar el acceso a sus datos personales.<br\/>Derecho a solicitar su rectificaci\u00f3n o supresi\u00f3n.<br\/>Derecho a solicitar la limitaci\u00f3n de su tratamiento.<br\/>Derecho a oponerse al tratamiento.<br\/>Derecho a la portabilidad de los datos.<br\/>Derecho a retirar el consentimiento prestado.<\/p>\n\n<p>Cualquier persona tiene derecho a obtener confirmaci\u00f3n sobre si esta organizaci\u00f3n trata datos personales que le conciernan, pudiendo acceder las personas interesadas a sus datos personales, as\u00ed como a solicitar la rectificaci\u00f3n de los datos inexactos o, en su caso, solicitar su supresi\u00f3n cuando, entre otros motivos, los datos ya no sean necesarios para los fines que fueron recogidos.<\/p>\n\n<p>En determinadas circunstancias, las personas interesadas podr\u00e1n solicitar la limitaci\u00f3n del tratamiento de sus datos, en cuyo caso \u00fanicamente se conservar\u00e1n para el ejercicio o la defensa de reclamaciones. En determinadas circunstancias y por motivos relacionados con su situaci\u00f3n particular, las personas interesadas podr\u00e1n oponerse al tratamiento de sus datos. En este caso, <a href=\"http:\/\/indecober.com\" data-type=\"URL\" data-id=\"indecober.com\">Indecober S.L<\/a>, dejar\u00e1 de tratar los datos, salvo por motivos leg\u00edtimos imperiosos, o el ejercicio o la defensa de posibles reclamaciones.<\/p>\n\n<p>Para ello podr\u00e1 dirigir un escrito a <a href=\"http:\/\/indecober.com\" data-type=\"URL\" data-id=\"indecober.com\">Indecober S.L<\/a> en Direcci\u00f3n Postal: Pol\u00edgono Industrial Eitua N\u00ba 43. 48240 BERRIZ (BIZKAIA) o enviar un email a la direcci\u00f3n electr\u00f3nica: <a href=\"mailto:general@indecober.com\">general@indecober.com<\/a><\/p>\n\n<p>En caso de que sienta no satisfechos sus derechos en lo concerniente a la protecci\u00f3n de sus datos personales puede presentar una reclamaci\u00f3n ante la Agencia de Protecci\u00f3n de Datos competente a trav\u00e9s de su sitio web www.agpd.es.<\/p>\n\n<div style=\"height:100px\" aria-hidden=\"true\" class=\"wp-block-spacer\"><\/div>\n","protected":false},"excerpt":{"rendered":"<p>De conformidad con el Reglamento General de Protecci\u00f3n de Datos 2016\/679, del Parlamento Europeo y del Consejo, de 27 abril de 2016, esta Pol\u00edtica de Privacidad tiene por objeto dar a conocer el modo en que la Indecober S.L. recaba, trata y protege los datos de car\u00e1cter personal de las personas que acceden o hacen [&hellip;]<\/p>\n","protected":false},"author":1,"featured_media":0,"parent":0,"menu_order":0,"comment_status":"closed","ping_status":"closed","template":"","meta":{"_et_pb_use_builder":"","_et_pb_old_content":"","_et_gb_content_width":"1080","footnotes":""},"class_list":["post-255986","page","type-page","status-publish","hentry"],"yoast_head":"<!-- This site is optimized with the Yoast SEO plugin v27.4 - https:\/\/yoast.com\/product\/yoast-seo-wordpress\/ -->\n<title>Privacy Policy - indecober. Comprehensive machining<\/title>\n<meta name=\"robots\" content=\"index, follow, max-snippet:-1, max-image-preview:large, max-video-preview:-1\" \/>\n<link rel=\"canonical\" href=\"https:\/\/www.indecober.com\/en\/privacy-policy\/\" \/>\n<meta property=\"og:locale\" content=\"en_US\" \/>\n<meta property=\"og:type\" content=\"article\" \/>\n<meta property=\"og:title\" content=\"Privacy Policy - indecober. Comprehensive machining\" \/>\n<meta property=\"og:description\" content=\"De conformidad con el Reglamento General de Protecci\u00f3n de Datos 2016\/679, del Parlamento Europeo y del Consejo, de 27 abril de 2016, esta Pol\u00edtica de Privacidad tiene por objeto dar a conocer el modo en que la Indecober S.L. recaba, trata y protege los datos de car\u00e1cter personal de las personas que acceden o hacen [&hellip;]\" \/>\n<meta property=\"og:url\" content=\"https:\/\/www.indecober.com\/en\/privacy-policy\/\" \/>\n<meta property=\"og:site_name\" content=\"indecober. Comprehensive machining\" \/>\n<meta property=\"article:modified_time\" content=\"2021-09-21T15:15:13+00:00\" \/>\n<meta name=\"twitter:card\" content=\"summary_large_image\" \/>\n<meta name=\"twitter:label1\" content=\"Est. reading time\" \/>\n\t<meta name=\"twitter:data1\" content=\"4 minutes\" \/>\n<script type=\"application\/ld+json\" class=\"yoast-schema-graph\">{\"@context\":\"https:\\\/\\\/schema.org\",\"@graph\":[{\"@type\":\"WebPage\",\"@id\":\"https:\\\/\\\/www.indecober.com\\\/en\\\/privacy-policy\\\/\",\"url\":\"https:\\\/\\\/www.indecober.com\\\/en\\\/privacy-policy\\\/\",\"name\":\"Privacy Policy - indecober. Comprehensive machining\",\"isPartOf\":{\"@id\":\"https:\\\/\\\/www.indecober.com\\\/en\\\/#website\"},\"datePublished\":\"2021-07-19T11:11:01+00:00\",\"dateModified\":\"2021-09-21T15:15:13+00:00\",\"breadcrumb\":{\"@id\":\"https:\\\/\\\/www.indecober.com\\\/en\\\/privacy-policy\\\/#breadcrumb\"},\"inLanguage\":\"en-US\",\"potentialAction\":[{\"@type\":\"ReadAction\",\"target\":[\"https:\\\/\\\/www.indecober.com\\\/en\\\/privacy-policy\\\/\"]}]},{\"@type\":\"BreadcrumbList\",\"@id\":\"https:\\\/\\\/www.indecober.com\\\/en\\\/privacy-policy\\\/#breadcrumb\",\"itemListElement\":[{\"@type\":\"ListItem\",\"position\":1,\"name\":\"Portada\",\"item\":\"https:\\\/\\\/www.indecober.com\\\/en\\\/\"},{\"@type\":\"ListItem\",\"position\":2,\"name\":\"Privacy Policy\"}]},{\"@type\":\"WebSite\",\"@id\":\"https:\\\/\\\/www.indecober.com\\\/en\\\/#website\",\"url\":\"https:\\\/\\\/www.indecober.com\\\/en\\\/\",\"name\":\"indecober. Comprehensive machining\",\"description\":\"YOUR COMPREHENSIVE MACHINING SERVICE\",\"publisher\":{\"@id\":\"https:\\\/\\\/www.indecober.com\\\/en\\\/#organization\"},\"potentialAction\":[{\"@type\":\"SearchAction\",\"target\":{\"@type\":\"EntryPoint\",\"urlTemplate\":\"https:\\\/\\\/www.indecober.com\\\/en\\\/?s={search_term_string}\"},\"query-input\":{\"@type\":\"PropertyValueSpecification\",\"valueRequired\":true,\"valueName\":\"search_term_string\"}}],\"inLanguage\":\"en-US\"},{\"@type\":\"Organization\",\"@id\":\"https:\\\/\\\/www.indecober.com\\\/en\\\/#organization\",\"name\":\"Indecober S.L.U.\",\"url\":\"https:\\\/\\\/www.indecober.com\\\/en\\\/\",\"logo\":{\"@type\":\"ImageObject\",\"inLanguage\":\"en-US\",\"@id\":\"https:\\\/\\\/www.indecober.com\\\/en\\\/#\\\/schema\\\/logo\\\/image\\\/\",\"url\":\"https:\\\/\\\/www.indecober.com\\\/wp-content\\\/uploads\\\/2021\\\/09\\\/indecober-v.png\",\"contentUrl\":\"https:\\\/\\\/www.indecober.com\\\/wp-content\\\/uploads\\\/2021\\\/09\\\/indecober-v.png\",\"width\":1036,\"height\":746,\"caption\":\"Indecober S.L.U.\"},\"image\":{\"@id\":\"https:\\\/\\\/www.indecober.com\\\/en\\\/#\\\/schema\\\/logo\\\/image\\\/\"}}]}<\/script>\n<!-- \/ Yoast SEO plugin. -->","yoast_head_json":{"title":"Privacy Policy - indecober. Comprehensive machining","robots":{"index":"index","follow":"follow","max-snippet":"max-snippet:-1","max-image-preview":"max-image-preview:large","max-video-preview":"max-video-preview:-1"},"canonical":"https:\/\/www.indecober.com\/en\/privacy-policy\/","og_locale":"en_US","og_type":"article","og_title":"Privacy Policy - indecober. Comprehensive machining","og_description":"De conformidad con el Reglamento General de Protecci\u00f3n de Datos 2016\/679, del Parlamento Europeo y del Consejo, de 27 abril de 2016, esta Pol\u00edtica de Privacidad tiene por objeto dar a conocer el modo en que la Indecober S.L. recaba, trata y protege los datos de car\u00e1cter personal de las personas que acceden o hacen [&hellip;]","og_url":"https:\/\/www.indecober.com\/en\/privacy-policy\/","og_site_name":"indecober. Comprehensive machining","article_modified_time":"2021-09-21T15:15:13+00:00","twitter_card":"summary_large_image","twitter_misc":{"Est. reading time":"4 minutes"},"schema":{"@context":"https:\/\/schema.org","@graph":[{"@type":"WebPage","@id":"https:\/\/www.indecober.com\/en\/privacy-policy\/","url":"https:\/\/www.indecober.com\/en\/privacy-policy\/","name":"Privacy Policy - indecober. Comprehensive machining","isPartOf":{"@id":"https:\/\/www.indecober.com\/en\/#website"},"datePublished":"2021-07-19T11:11:01+00:00","dateModified":"2021-09-21T15:15:13+00:00","breadcrumb":{"@id":"https:\/\/www.indecober.com\/en\/privacy-policy\/#breadcrumb"},"inLanguage":"en-US","potentialAction":[{"@type":"ReadAction","target":["https:\/\/www.indecober.com\/en\/privacy-policy\/"]}]},{"@type":"BreadcrumbList","@id":"https:\/\/www.indecober.com\/en\/privacy-policy\/#breadcrumb","itemListElement":[{"@type":"ListItem","position":1,"name":"Portada","item":"https:\/\/www.indecober.com\/en\/"},{"@type":"ListItem","position":2,"name":"Privacy Policy"}]},{"@type":"WebSite","@id":"https:\/\/www.indecober.com\/en\/#website","url":"https:\/\/www.indecober.com\/en\/","name":"indecober. Comprehensive machining","description":"YOUR COMPREHENSIVE MACHINING SERVICE","publisher":{"@id":"https:\/\/www.indecober.com\/en\/#organization"},"potentialAction":[{"@type":"SearchAction","target":{"@type":"EntryPoint","urlTemplate":"https:\/\/www.indecober.com\/en\/?s={search_term_string}"},"query-input":{"@type":"PropertyValueSpecification","valueRequired":true,"valueName":"search_term_string"}}],"inLanguage":"en-US"},{"@type":"Organization","@id":"https:\/\/www.indecober.com\/en\/#organization","name":"Indecober S.L.U.","url":"https:\/\/www.indecober.com\/en\/","logo":{"@type":"ImageObject","inLanguage":"en-US","@id":"https:\/\/www.indecober.com\/en\/#\/schema\/logo\/image\/","url":"https:\/\/www.indecober.com\/wp-content\/uploads\/2021\/09\/indecober-v.png","contentUrl":"https:\/\/www.indecober.com\/wp-content\/uploads\/2021\/09\/indecober-v.png","width":1036,"height":746,"caption":"Indecober S.L.U."},"image":{"@id":"https:\/\/www.indecober.com\/en\/#\/schema\/logo\/image\/"}}]}},"_links":{"self":[{"href":"https:\/\/www.indecober.com\/en\/wp-json\/wp\/v2\/pages\/255986","targetHints":{"allow":["GET"]}}],"collection":[{"href":"https:\/\/www.indecober.com\/en\/wp-json\/wp\/v2\/pages"}],"about":[{"href":"https:\/\/www.indecober.com\/en\/wp-json\/wp\/v2\/types\/page"}],"author":[{"embeddable":true,"href":"https:\/\/www.indecober.com\/en\/wp-json\/wp\/v2\/users\/1"}],"replies":[{"embeddable":true,"href":"https:\/\/www.indecober.com\/en\/wp-json\/wp\/v2\/comments?post=255986"}],"version-history":[{"count":4,"href":"https:\/\/www.indecober.com\/en\/wp-json\/wp\/v2\/pages\/255986\/revisions"}],"predecessor-version":[{"id":256170,"href":"https:\/\/www.indecober.com\/en\/wp-json\/wp\/v2\/pages\/255986\/revisions\/256170"}],"wp:attachment":[{"href":"https:\/\/www.indecober.com\/en\/wp-json\/wp\/v2\/media?parent=255986"}],"curies":[{"name":"wp","href":"https:\/\/api.w.org\/{rel}","templated":true}]}}