{"id":255988,"date":"2021-07-19T11:11:01","date_gmt":"2021-07-19T11:11:01","guid":{"rendered":"https:\/\/www.indecober.com\/aviso-legal\/"},"modified":"2021-09-21T15:15:08","modified_gmt":"2021-09-21T15:15:08","slug":"legal-notice","status":"publish","type":"page","link":"https:\/\/www.indecober.com\/en\/legal-notice\/","title":{"rendered":"Legal Notice"},"content":{"rendered":"\n<p><p><a href=\"http:\/\/indecober.com\" data-type=\"URL\" data-id=\"indecober.com\">Indecober S.L<\/a>. es la sociedad titular de esta sitio web. Excepto indicaci\u00f3n expresa en contrario, la titularidad de todos los derechos de propiedad intelectual e industrial de los contenidos de este sitio web corresponden a <a href=\"http:\/\/indecober.com\" data-type=\"URL\" data-id=\"indecober.com\">Indecober S.L<\/a>..<\/p><\/p>\n\n<p><p>Todos los contenidos de este sitio web son propiedad de <a href=\"http:\/\/indecober.com\" data-type=\"URL\" data-id=\"indecober.com\">Indecober S.L<\/a>. , excepto si media indicaci\u00f3n expresa en contrario, y est\u00e1n protegidos por las normas nacionales e internacionales de propiedad intelectual e industrial, entre otras.<\/p><\/p>\n\n<p>Por tanto, su contenido no podr\u00e1 ser objeto de manipulaci\u00f3n alguna (modificaci\u00f3n, copia, alteraci\u00f3n, reproducci\u00f3n, transmisi\u00f3n, adaptaci\u00f3n, traducci\u00f3n, etc.) por parte de la persona usuaria o de terceras personas, ya sea total o parcialmente, sin la expresa autorizaci\u00f3n por parte de <a href=\"http:\/\/indecober.com\" data-type=\"URL\" data-id=\"indecober.com\">Indecober S.L<\/a>., salvo que se indique lo contrario.<\/p>\n\n<p>Las marcas, r\u00f3tulos, signos distintivos y logos de <a href=\"http:\/\/indecober.com\" data-type=\"URL\" data-id=\"indecober.com\">Indecober S.L<\/a>. que aparecen en la Web son titularidad de <a href=\"http:\/\/indecober.com\" data-type=\"URL\" data-id=\"indecober.com\">Indecober S.L<\/a>.<\/p>\n\n<h5 class=\"wp-block-heading\">USO DEL PORTAL<\/h5>\n\n<p><a href=\"http:\/\/indecober.com\" data-type=\"URL\" data-id=\"indecober.com\">Indecober S.L<\/a>. no se hace responsable de los da\u00f1os y perjuicios de tipo inform\u00e1tico o de otro tipo que pudiera ocasionar a la persona usuaria visitante el acceso a los contenidos de este sitio, como por ejemplo a t\u00edtulo enunciativo: errores u omisiones en los contenidos, falta de disponibilidad del portal o la transmisi\u00f3n de virus o programas maliciosos o lesivos en los contenidos, a pesar de haber adoptado todas las medidas tecnol\u00f3gicas necesarias para evitarlo.<\/p>\n\n<p><a href=\"http:\/\/indecober.com\" data-type=\"URL\" data-id=\"indecober.com\">Indecober S.L<\/a>. no garantiza la ausencia de virus u otros elementos lesivos que pudieran causar da\u00f1os o alteraciones en el sistema inform\u00e1tico, en los documentos electr\u00f3nicos o en los ficheros de la persona usuaria de este sitio Web. En consecuencia, nuestra organizaci\u00f3n no responde por los da\u00f1os y perjuicios que tales elementos pudieran ocasionar a la persona usuaria o a terceras personas.<\/p>\n\n<p>La persona usuaria asume la responsabilidad del uso del portal. Dicha responsabilidad se extiende al registro que fuese necesario para acceder a determinados servicios o contenidos.<\/p>\n\n<p>En dicho registro la persona usuaria ser\u00e1 responsable de aportar informaci\u00f3n veraz y l\u00edcita. Como consecuencia de este registro, a la persona usuaria se le podr\u00e1 proporcionar una contrase\u00f1a de la que ser\u00e1 responsable, comprometi\u00e9ndose a hacer un uso diligente y confidencial de la misma.<\/p>\n\n<p>La persona usuaria se compromete a hacer un uso adecuado de los contenidos y servicios que <a href=\"http:\/\/indecober.com\" data-type=\"URL\" data-id=\"indecober.com\">Indecober S.L<\/a>. ofrece a trav\u00e9s de su portal y, con car\u00e1cter enunciativo pero no limitativo, a no emplearlos para las siguientes actuaciones:<\/p>\n\n<ul class=\"wp-block-list\"><li>Incurrir en actividades il\u00edcitas, ilegales o contrarias a la buena fe y al orden p\u00fablico<\/li><li>Difundir contenidos o propaganda de car\u00e1cter racista, xen\u00f3fobo, pornogr\u00e1fico-ilegal, de apolog\u00eda del terrorismo o atentatorio contra los derechos humanos, que vulneren el respeto a la dignidad de la persona, que sean discriminatorios, xen\u00f3fobos, racistas, pornogr\u00e1ficos, que atenten contra la juventud o la infancia, el orden o la seguridad p\u00fablica o que, a su juicio, no resultaran adecuados para su publicaci\u00f3n.<\/li><li>Provocar da\u00f1os en los sistemas f\u00edsicos y l\u00f3gicos de <a href=\"https:\/\/indecober.com\" data-type=\"URL\" data-id=\"https:\/\/indecober.com\">Indecober S.L.<\/a> de sus proveedores o de terceras personas, introducir o difundir en la red virus inform\u00e1ticos o cualesquiera otros sistemas f\u00edsicos o l\u00f3gicos que sean susceptibles de provocar los da\u00f1os anteriormente mencionados<\/li><li>Intentar acceder y, en su caso, utilizar las cuentas de correo electr\u00f3nico de otros persona usuarias y modificar o manipular sus mensajes.<\/li><li><a href=\"https:\/\/indecober.com\">Indecober S.L.<\/a> no ser\u00e1 responsable de las opiniones vertidas por los persona usuarias a trav\u00e9s de los canales de participaci\u00f3n que, en su caso, se establezcan, reserv\u00e1ndose el derecho de retirar todos aquellos comentarios y aportaciones no resultaran adecuados para su publicaci\u00f3n conforme a las anteriores consideraciones.<\/li><\/ul>\n\n<p><a href=\"http:\/\/indecober.com\">Indecober S.L<\/a>. se reserva el derecho a denegar o retirar el acceso a portal y\/o los servicios ofrecidos sin necesidad de preaviso, a instancia propia o de un tercero, a aquellos persona usuarias que incumplan las presentes condiciones generales de uso.<\/p>\n\n<p><a href=\"http:\/\/indecober.com\">Indecober S.L<\/a>. ejercer\u00e1 las acciones que pudieran corresponderle en Derecho derivadas del incumplimiento de las presentes condiciones as\u00ed como cualquier utilizaci\u00f3n indebida de su portal.<\/p>\n\n<p><strong>Datos Identificativos<\/strong><\/p>\n\n<p>En cumplimiento de la Ley 34\/2002, de Servicios de la Sociedad de la Informaci\u00f3n y de Comercio Electr\u00f3nico, as\u00ed como del resto de normas que regulan el comercio electr\u00f3nico, le informamos de que la pagina Web <a href=\"http:\/\/indecober.com\">Indecober.com<\/a> es propiedad de <a href=\"http:\/\/indecober.com\">Indeco<\/a><a href=\"https:\/\/indecober.com\">b<\/a><a href=\"http:\/\/indecober.com\">er S.L<\/a>.<\/p>\n\n<div style=\"height:100px\" aria-hidden=\"true\" class=\"wp-block-spacer\"><\/div>\n","protected":false},"excerpt":{"rendered":"<p>Indecober S.L. es la sociedad titular de esta sitio web. Excepto indicaci\u00f3n expresa en contrario, la titularidad de todos los derechos de propiedad intelectual e industrial de los contenidos de este sitio web corresponden a Indecober S.L.. Todos los contenidos de este sitio web son propiedad de Indecober S.L. , excepto si media indicaci\u00f3n expresa [&hellip;]<\/p>\n","protected":false},"author":1,"featured_media":0,"parent":0,"menu_order":0,"comment_status":"closed","ping_status":"closed","template":"","meta":{"_et_pb_use_builder":"","_et_pb_old_content":"","_et_gb_content_width":"1080","footnotes":""},"class_list":["post-255988","page","type-page","status-publish","hentry"],"yoast_head":"<!-- This site is optimized with the Yoast SEO plugin v27.4 - https:\/\/yoast.com\/product\/yoast-seo-wordpress\/ -->\n<title>Legal Notice - indecober. Comprehensive machining<\/title>\n<meta name=\"robots\" content=\"index, follow, max-snippet:-1, max-image-preview:large, max-video-preview:-1\" \/>\n<link rel=\"canonical\" href=\"https:\/\/www.indecober.com\/en\/legal-notice\/\" \/>\n<meta property=\"og:locale\" content=\"en_US\" \/>\n<meta property=\"og:type\" content=\"article\" \/>\n<meta property=\"og:title\" content=\"Legal Notice - indecober. Comprehensive machining\" \/>\n<meta property=\"og:description\" content=\"Indecober S.L. es la sociedad titular de esta sitio web. Excepto indicaci\u00f3n expresa en contrario, la titularidad de todos los derechos de propiedad intelectual e industrial de los contenidos de este sitio web corresponden a Indecober S.L.. Todos los contenidos de este sitio web son propiedad de Indecober S.L. , excepto si media indicaci\u00f3n expresa [&hellip;]\" \/>\n<meta property=\"og:url\" content=\"https:\/\/www.indecober.com\/en\/legal-notice\/\" \/>\n<meta property=\"og:site_name\" content=\"indecober. Comprehensive machining\" \/>\n<meta property=\"article:modified_time\" content=\"2021-09-21T15:15:08+00:00\" \/>\n<meta name=\"twitter:card\" content=\"summary_large_image\" \/>\n<meta name=\"twitter:label1\" content=\"Est. reading time\" \/>\n\t<meta name=\"twitter:data1\" content=\"4 minutes\" \/>\n<script type=\"application\/ld+json\" class=\"yoast-schema-graph\">{\"@context\":\"https:\\\/\\\/schema.org\",\"@graph\":[{\"@type\":\"WebPage\",\"@id\":\"https:\\\/\\\/www.indecober.com\\\/en\\\/legal-notice\\\/\",\"url\":\"https:\\\/\\\/www.indecober.com\\\/en\\\/legal-notice\\\/\",\"name\":\"Legal Notice - indecober. Comprehensive machining\",\"isPartOf\":{\"@id\":\"https:\\\/\\\/www.indecober.com\\\/en\\\/#website\"},\"datePublished\":\"2021-07-19T11:11:01+00:00\",\"dateModified\":\"2021-09-21T15:15:08+00:00\",\"breadcrumb\":{\"@id\":\"https:\\\/\\\/www.indecober.com\\\/en\\\/legal-notice\\\/#breadcrumb\"},\"inLanguage\":\"en-US\",\"potentialAction\":[{\"@type\":\"ReadAction\",\"target\":[\"https:\\\/\\\/www.indecober.com\\\/en\\\/legal-notice\\\/\"]}]},{\"@type\":\"BreadcrumbList\",\"@id\":\"https:\\\/\\\/www.indecober.com\\\/en\\\/legal-notice\\\/#breadcrumb\",\"itemListElement\":[{\"@type\":\"ListItem\",\"position\":1,\"name\":\"Portada\",\"item\":\"https:\\\/\\\/www.indecober.com\\\/en\\\/\"},{\"@type\":\"ListItem\",\"position\":2,\"name\":\"Legal Notice\"}]},{\"@type\":\"WebSite\",\"@id\":\"https:\\\/\\\/www.indecober.com\\\/en\\\/#website\",\"url\":\"https:\\\/\\\/www.indecober.com\\\/en\\\/\",\"name\":\"indecober. Comprehensive machining\",\"description\":\"YOUR COMPREHENSIVE MACHINING SERVICE\",\"publisher\":{\"@id\":\"https:\\\/\\\/www.indecober.com\\\/en\\\/#organization\"},\"potentialAction\":[{\"@type\":\"SearchAction\",\"target\":{\"@type\":\"EntryPoint\",\"urlTemplate\":\"https:\\\/\\\/www.indecober.com\\\/en\\\/?s={search_term_string}\"},\"query-input\":{\"@type\":\"PropertyValueSpecification\",\"valueRequired\":true,\"valueName\":\"search_term_string\"}}],\"inLanguage\":\"en-US\"},{\"@type\":\"Organization\",\"@id\":\"https:\\\/\\\/www.indecober.com\\\/en\\\/#organization\",\"name\":\"Indecober S.L.U.\",\"url\":\"https:\\\/\\\/www.indecober.com\\\/en\\\/\",\"logo\":{\"@type\":\"ImageObject\",\"inLanguage\":\"en-US\",\"@id\":\"https:\\\/\\\/www.indecober.com\\\/en\\\/#\\\/schema\\\/logo\\\/image\\\/\",\"url\":\"https:\\\/\\\/www.indecober.com\\\/wp-content\\\/uploads\\\/2021\\\/09\\\/indecober-v.png\",\"contentUrl\":\"https:\\\/\\\/www.indecober.com\\\/wp-content\\\/uploads\\\/2021\\\/09\\\/indecober-v.png\",\"width\":1036,\"height\":746,\"caption\":\"Indecober S.L.U.\"},\"image\":{\"@id\":\"https:\\\/\\\/www.indecober.com\\\/en\\\/#\\\/schema\\\/logo\\\/image\\\/\"}}]}<\/script>\n<!-- \/ Yoast SEO plugin. -->","yoast_head_json":{"title":"Legal Notice - indecober. Comprehensive machining","robots":{"index":"index","follow":"follow","max-snippet":"max-snippet:-1","max-image-preview":"max-image-preview:large","max-video-preview":"max-video-preview:-1"},"canonical":"https:\/\/www.indecober.com\/en\/legal-notice\/","og_locale":"en_US","og_type":"article","og_title":"Legal Notice - indecober. Comprehensive machining","og_description":"Indecober S.L. es la sociedad titular de esta sitio web. Excepto indicaci\u00f3n expresa en contrario, la titularidad de todos los derechos de propiedad intelectual e industrial de los contenidos de este sitio web corresponden a Indecober S.L.. Todos los contenidos de este sitio web son propiedad de Indecober S.L. , excepto si media indicaci\u00f3n expresa [&hellip;]","og_url":"https:\/\/www.indecober.com\/en\/legal-notice\/","og_site_name":"indecober. Comprehensive machining","article_modified_time":"2021-09-21T15:15:08+00:00","twitter_card":"summary_large_image","twitter_misc":{"Est. reading time":"4 minutes"},"schema":{"@context":"https:\/\/schema.org","@graph":[{"@type":"WebPage","@id":"https:\/\/www.indecober.com\/en\/legal-notice\/","url":"https:\/\/www.indecober.com\/en\/legal-notice\/","name":"Legal Notice - indecober. Comprehensive machining","isPartOf":{"@id":"https:\/\/www.indecober.com\/en\/#website"},"datePublished":"2021-07-19T11:11:01+00:00","dateModified":"2021-09-21T15:15:08+00:00","breadcrumb":{"@id":"https:\/\/www.indecober.com\/en\/legal-notice\/#breadcrumb"},"inLanguage":"en-US","potentialAction":[{"@type":"ReadAction","target":["https:\/\/www.indecober.com\/en\/legal-notice\/"]}]},{"@type":"BreadcrumbList","@id":"https:\/\/www.indecober.com\/en\/legal-notice\/#breadcrumb","itemListElement":[{"@type":"ListItem","position":1,"name":"Portada","item":"https:\/\/www.indecober.com\/en\/"},{"@type":"ListItem","position":2,"name":"Legal Notice"}]},{"@type":"WebSite","@id":"https:\/\/www.indecober.com\/en\/#website","url":"https:\/\/www.indecober.com\/en\/","name":"indecober. Comprehensive machining","description":"YOUR COMPREHENSIVE MACHINING SERVICE","publisher":{"@id":"https:\/\/www.indecober.com\/en\/#organization"},"potentialAction":[{"@type":"SearchAction","target":{"@type":"EntryPoint","urlTemplate":"https:\/\/www.indecober.com\/en\/?s={search_term_string}"},"query-input":{"@type":"PropertyValueSpecification","valueRequired":true,"valueName":"search_term_string"}}],"inLanguage":"en-US"},{"@type":"Organization","@id":"https:\/\/www.indecober.com\/en\/#organization","name":"Indecober S.L.U.","url":"https:\/\/www.indecober.com\/en\/","logo":{"@type":"ImageObject","inLanguage":"en-US","@id":"https:\/\/www.indecober.com\/en\/#\/schema\/logo\/image\/","url":"https:\/\/www.indecober.com\/wp-content\/uploads\/2021\/09\/indecober-v.png","contentUrl":"https:\/\/www.indecober.com\/wp-content\/uploads\/2021\/09\/indecober-v.png","width":1036,"height":746,"caption":"Indecober S.L.U."},"image":{"@id":"https:\/\/www.indecober.com\/en\/#\/schema\/logo\/image\/"}}]}},"_links":{"self":[{"href":"https:\/\/www.indecober.com\/en\/wp-json\/wp\/v2\/pages\/255988","targetHints":{"allow":["GET"]}}],"collection":[{"href":"https:\/\/www.indecober.com\/en\/wp-json\/wp\/v2\/pages"}],"about":[{"href":"https:\/\/www.indecober.com\/en\/wp-json\/wp\/v2\/types\/page"}],"author":[{"embeddable":true,"href":"https:\/\/www.indecober.com\/en\/wp-json\/wp\/v2\/users\/1"}],"replies":[{"embeddable":true,"href":"https:\/\/www.indecober.com\/en\/wp-json\/wp\/v2\/comments?post=255988"}],"version-history":[{"count":2,"href":"https:\/\/www.indecober.com\/en\/wp-json\/wp\/v2\/pages\/255988\/revisions"}],"predecessor-version":[{"id":256174,"href":"https:\/\/www.indecober.com\/en\/wp-json\/wp\/v2\/pages\/255988\/revisions\/256174"}],"wp:attachment":[{"href":"https:\/\/www.indecober.com\/en\/wp-json\/wp\/v2\/media?parent=255988"}],"curies":[{"name":"wp","href":"https:\/\/api.w.org\/{rel}","templated":true}]}}