{"id":255999,"date":"2021-09-20T08:14:48","date_gmt":"2021-09-20T08:14:48","guid":{"rendered":"https:\/\/www.indecober.com\/contact\/"},"modified":"2021-09-22T07:56:38","modified_gmt":"2021-09-22T07:56:38","slug":"contact","status":"publish","type":"page","link":"https:\/\/www.indecober.com\/en\/contact\/","title":{"rendered":"Contact"},"content":{"rendered":"<p>[et_pb_section fb_built=&#8221;1&#8243; admin_label=&#8221;cabecera case study&#8221; _builder_version=&#8221;4.10.7&#8243; _module_preset=&#8221;aaf56d6e-b892-495d-ba41-878c9ca2cec2&#8243; global_colors_info=&#8221;{}&#8221;][et_pb_row _builder_version=&#8221;4.10.4&#8243; _module_preset=&#8221;ca39133d-ad7f-485c-b8d4-b4ad5bede118&#8243; global_colors_info=&#8221;{}&#8221;][et_pb_column type=&#8221;4_4&#8243; _builder_version=&#8221;4.9.10&#8243; _module_preset=&#8221;default&#8221; global_colors_info=&#8221;{}&#8221;][et_pb_text _builder_version=&#8221;4.10.4&#8243; _module_preset=&#8221;fe150584-8818-42ec-98a3-d70b02987d8e&#8221; global_colors_info=&#8221;{}&#8221;]<\/p>\n<h1>CONTACT<\/h1>\n<p>[\/et_pb_text][et_pb_text _builder_version=&#8221;4.10.4&#8243; _module_preset=&#8221;706b7186-62ac-4108-bb4a-200ab25bc4fa&#8221; global_colors_info=&#8221;{}&#8221;]<\/p>\n<h2>US<\/h2>\n<p>[\/et_pb_text][\/et_pb_column][\/et_pb_row][\/et_pb_section][et_pb_section fb_built=&#8221;1&#8243; _builder_version=&#8221;4.10.4&#8243; _module_preset=&#8221;default&#8221; global_colors_info=&#8221;{}&#8221;][et_pb_row column_structure=&#8221;2_5,3_5&#8243; use_custom_gutter=&#8221;on&#8221; gutter_width=&#8221;1&#8243; custom_padding_last_edited=&#8221;on|phone&#8221; _builder_version=&#8221;4.10.4&#8243; _module_preset=&#8221;default&#8221; background_color=&#8221;#1E4153&#8243; width_tablet=&#8221;&#8221; width_phone=&#8221;100%&#8221; width_last_edited=&#8221;on|phone&#8221; max_width=&#8221;1200px&#8221; custom_padding=&#8221;56px|48px|56px|48px|true|false&#8221; custom_padding_tablet=&#8221;&#8221; custom_padding_phone=&#8221;|24px||24px|true|false&#8221; global_colors_info=&#8221;{}&#8221;][et_pb_column type=&#8221;2_5&#8243; _builder_version=&#8221;4.10.4&#8243; _module_preset=&#8221;default&#8221; custom_padding_tablet=&#8221;&#8221; custom_padding_phone=&#8221;||32px||false|false&#8221; custom_padding_last_edited=&#8221;on|phone&#8221; global_colors_info=&#8221;{}&#8221;][et_pb_blurb image=&#8221;https:\/\/www.indecober.com\/wp-content\/uploads\/2021\/08\/direccion-icono.png&#8221; alt=&#8221;Icono direcci\u00f3n&#8221; icon_placement=&#8221;left&#8221; icon_placement_tablet=&#8221;&#8221; icon_placement_phone=&#8221;top&#8221; icon_placement_last_edited=&#8221;on|phone&#8221; _builder_version=&#8221;4.10.6&#8243; _module_preset=&#8221;default&#8221; body_text_color=&#8221;gcid-bab7c3c0-7deb-4c1a-8ccc-4ce56492c3fc&#8221; body_font_size=&#8221;16px&#8221; module_alignment=&#8221;center&#8221; custom_margin=&#8221;48px||48px||false|false&#8221; text_orientation_tablet=&#8221;&#8221; text_orientation_phone=&#8221;center&#8221; text_orientation_last_edited=&#8221;on|phone&#8221; custom_css_blurb_image=&#8221;width: 75px;&#8221; global_colors_info=&#8221;{%22gcid-bab7c3c0-7deb-4c1a-8ccc-4ce56492c3fc%22:%91%22body_text_color%22%93}&#8221; custom_css_blurb_image_last_edited=&#8221;on|phone&#8221; custom_css_blurb_image_phone=&#8221;width: 40%;||margin: auto;&#8221;]<\/p>\n<p>Pol\u00edgono Industrial Eitua N\u00ba 41.<br \/>48240 BERRIZ (BIZKAIA)<\/p>\n<p>[\/et_pb_blurb][et_pb_blurb image=&#8221;https:\/\/www.indecober.com\/wp-content\/uploads\/2021\/08\/mail-icono.png&#8221; alt=&#8221;Icono mail&#8221; icon_placement=&#8221;left&#8221; icon_placement_tablet=&#8221;&#8221; icon_placement_phone=&#8221;top&#8221; icon_placement_last_edited=&#8221;on|phone&#8221; _builder_version=&#8221;4.10.6&#8243; _module_preset=&#8221;default&#8221; body_text_color=&#8221;#f5e5b8&#8243; body_link_font=&#8221;||||on||||&#8221; body_link_text_color=&#8221;gcid-bab7c3c0-7deb-4c1a-8ccc-4ce56492c3fc&#8221; body_link_font_size=&#8221;16px&#8221; custom_margin=&#8221;||48px||false|false&#8221; text_orientation_tablet=&#8221;&#8221; text_orientation_phone=&#8221;center&#8221; text_orientation_last_edited=&#8221;on|phone&#8221; custom_css_blurb_image=&#8221;width: 75px;&#8221; global_colors_info=&#8221;{%22gcid-bab7c3c0-7deb-4c1a-8ccc-4ce56492c3fc%22:%91%22body_text_color%22,%22body_link_text_color%22%93}&#8221; custom_css_blurb_image_last_edited=&#8221;on|desktop&#8221; custom_css_blurb_image_phone=&#8221;width: 40%;||margin: auto;&#8221;]<\/p>\n<p><a href=\"mailto:info@indecober.com\">info@indecober.com<\/a><\/p>\n<p>[\/et_pb_blurb][et_pb_blurb image=&#8221;https:\/\/www.indecober.com\/wp-content\/uploads\/2021\/08\/telefono-icono.png&#8221; alt=&#8221;Icono tel\u00e9fono&#8221; icon_placement=&#8221;left&#8221; icon_placement_tablet=&#8221;&#8221; icon_placement_phone=&#8221;top&#8221; icon_placement_last_edited=&#8221;on|phone&#8221; _builder_version=&#8221;4.10.4&#8243; _module_preset=&#8221;default&#8221; body_text_color=&#8221;#f5e5b8&#8243; body_font_size=&#8221;16px&#8221; text_orientation_tablet=&#8221;&#8221; text_orientation_phone=&#8221;center&#8221; text_orientation_last_edited=&#8221;on|phone&#8221; custom_css_blurb_image=&#8221;width: 75px;&#8221; global_colors_info=&#8221;{%22gcid-bab7c3c0-7deb-4c1a-8ccc-4ce56492c3fc%22:%91%22body_text_color%22,%22body_link_text_color%22,%22body_text_color%22%93}&#8221; custom_css_blurb_image_phone=&#8221;width: 40%;||margin: auto;&#8221; custom_css_blurb_image_last_edited=&#8221;on|phone&#8221;]<\/p>\n<p>(+34) 946 225 275<\/p>\n<p>[\/et_pb_blurb][\/et_pb_column][et_pb_column type=&#8221;3_5&#8243; _builder_version=&#8221;4.10.4&#8243; _module_preset=&#8221;default&#8221; custom_padding_tablet=&#8221;&#8221; custom_padding_phone=&#8221;||||false|false&#8221; custom_padding_last_edited=&#8221;on|phone&#8221; global_colors_info=&#8221;{}&#8221;][et_pb_text _builder_version=&#8221;4.10.4&#8243; _module_preset=&#8221;default&#8221; header_2_text_color=&#8221;#FFFFFF&#8221; header_2_font_size=&#8221;32px&#8221; custom_margin=&#8221;||0px||false|false&#8221; global_colors_info=&#8221;{}&#8221;]<\/p>\n<h2>GET IN TOUCH<\/h2>\n<p>[\/et_pb_text][et_pb_text _builder_version=&#8221;4.10.4&#8243; _module_preset=&#8221;default&#8221; text_text_color=&#8221;#FFFFFF&#8221; global_colors_info=&#8221;{}&#8221;]<\/p>\n<p>FOR MORE INFORMATION ABOUT INDECOBER AND OUR SERVICES, PLEASE CONTACT US<\/p>\n<p>[\/et_pb_text][dipl_form_styler form_type=&#8221;contact_form_7&#8243; cf7_form_id=&#8221;255136&#8243; input_text_color=&#8221;#000000&#8243; focus_input_text_color=&#8221;#000000&#8243; placeholder_text_color=&#8221;#707070&#8243; focus_placeholder_text_color=&#8221;#707070&#8243; input_custom_padding=&#8221;8px|4px|8px|4px|true|true&#8221; use_custom_checkbox=&#8221;on&#8221; checkbox_size=&#8221;16px&#8221; checkbox_bg_color=&#8221;#FFFFFF&#8221; checkbox_checked_bg_color=&#8221;gcid-bab7c3c0-7deb-4c1a-8ccc-4ce56492c3fc&#8221; submit_custom_padding=&#8221;8px|18px|8px|18px|true|true&#8221; submit_bg_color=&#8221;#1E4153&#8243; _builder_version=&#8221;4.10.7&#8243; _module_preset=&#8221;default&#8221; label_text_color=&#8221;#FFFFFF&#8221; placeholder_font_size=&#8221;14px&#8221; checkbox_label_text_color=&#8221;#FFFFFF&#8221; submit_button_text_text_color=&#8221;#FFFFFF&#8221; submit_button_text_font_size=&#8221;17px&#8221; text_orientation=&#8221;left&#8221; border_radii_checkbox=&#8221;on|15px|15px|15px|15px&#8221; border_color_all_checkbox=&#8221;#FFFFFF&#8221; border_radii_submit_button=&#8221;on|4px|4px|4px|4px&#8221; border_color_all_submit_button=&#8221;#FFFFFF&#8221; global_colors_info=&#8221;{%22gcid-bab7c3c0-7deb-4c1a-8ccc-4ce56492c3fc%22:%91%22checkbox_checked_bg_color%22%93}&#8221; submit_bg_color__hover_enabled=&#8221;on|hover&#8221; submit_bg_color__hover=&#8221;#FFFFFF&#8221; submit_bg_enable_color__hover=&#8221;on&#8221; submit_button_text_text_color__hover_enabled=&#8221;on|hover&#8221; submit_button_text_text_color__hover=&#8221;#1E4153&#8243;][\/dipl_form_styler][\/et_pb_column][\/et_pb_row][\/et_pb_section][et_pb_section fb_built=&#8221;1&#8243; _builder_version=&#8221;4.10.4&#8243; _module_preset=&#8221;default&#8221; global_colors_info=&#8221;{}&#8221;][et_pb_row _builder_version=&#8221;4.10.4&#8243; _module_preset=&#8221;default&#8221; width_tablet=&#8221;&#8221; width_phone=&#8221;90%&#8221; width_last_edited=&#8221;on|phone&#8221; global_colors_info=&#8221;{}&#8221;][et_pb_column type=&#8221;4_4&#8243; _builder_version=&#8221;4.10.4&#8243; _module_preset=&#8221;default&#8221; global_colors_info=&#8221;{}&#8221;][et_pb_text _builder_version=&#8221;4.10.4&#8243; _module_preset=&#8221;default&#8221; custom_margin=&#8221;||0px||false|false&#8221; global_colors_info=&#8221;{}&#8221;]<\/p>\n<h2>\u00bfANY QUESTION?<\/h2>\n<p>[\/et_pb_text][et_pb_text _builder_version=&#8221;4.10.7&#8243; _module_preset=&#8221;default&#8221; custom_margin=&#8221;||48px||false|false&#8221; global_colors_info=&#8221;{}&#8221;]<\/p>\n<p>Here you will find some of the most frequently asked questions about us, our activity and our wirde range of services.\u00a0<\/p>\n<p>[\/et_pb_text][dipl_faq_page_schema closed_toggle_icon=&#8221;%%196%%&#8221; closed_icon_color=&#8221;#1E4153&#8243; closed_use_icon_font_size=&#8221;on&#8221; closed_icon_font_size=&#8221;32px&#8221; open_toggle_icon=&#8221;%%195%%&#8221; closed_toggle_bg_color=&#8221;#FFFFFF&#8221; open_toggle_bg_color=&#8221;#FFFFFF&#8221; global_question_custom_padding=&#8221;8px||8px||true|false&#8221; global_answer_custom_padding=&#8221;0px||0px||false|false&#8221; _builder_version=&#8221;4.10.7&#8243; _module_preset=&#8221;default&#8221; faq_heading_font=&#8221;|800||on|||||&#8221; faq_heading_font_size=&#8221;40px&#8221; faq_heading_line_height=&#8221;1.9em&#8221; faq_question_closed_font=&#8221;|300|||||||&#8221; custom_margin=&#8221;||||false|false&#8221; custom_padding=&#8221;||||false|false&#8221; hover_enabled=&#8221;0&#8243; global_colors_info=&#8221;{}&#8221; sticky_enabled=&#8221;0&#8243;][dipl_faq_page_schema_item faq_question=&#8221;Does Indecober have some\/any capability with Aluminum?&#8221; _builder_version=&#8221;4.10.7&#8243; _module_preset=&#8221;default&#8221; global_colors_info=&#8221;{}&#8221;]<\/p>\n<p>Yes. Indecober has a lot of experience with Stainless Steel and with low machinability materials. 30 years of experience, together with the machining multitechnology philosophy allows Indecober to extend their product portfolofio to other raw materials as Microalloy Steels or Aluminum.\u00a0<\/p>\n<p>[\/dipl_faq_page_schema_item][dipl_faq_page_schema_item faq_question=&#8221;Which machining procesess are applied in Indecober?&#8221; _builder_version=&#8221;4.10.7&#8243; _module_preset=&#8221;default&#8221; question_heading_font=&#8221;|300|||||||&#8221; hover_enabled=&#8221;0&#8243; global_colors_info=&#8221;{}&#8221; sticky_enabled=&#8221;0&#8243;]<\/p>\n<p><span style=\"font-weight: 400;\">Indecober applies a multitechnology philosophy, where the most suitable process will be applied to your project based on different aspects as: Volumen, geometry, requirements\u2026.Our CNC Centers, CNC Lathes and Transfer lines provides a wide flexibility and capability. If we find out that our technologies can be improved, Indecober has the experience and Knowledge to develop new processes to optimize the results.\u00a0<\/span><\/p>\n<p>[\/dipl_faq_page_schema_item][dipl_faq_page_schema_item faq_question=&#8221;What about different products or sectors beyond the automotive industry? Is Indecober\u2019s activity only limited to the automotive market?&#8221; _builder_version=&#8221;4.10.7&#8243; _module_preset=&#8221;default&#8221; hover_enabled=&#8221;0&#8243; global_colors_info=&#8221;{}&#8221; sticky_enabled=&#8221;0&#8243;]<\/p>\n<p><span style=\"font-weight: 400;\">Definitely not. Our History, no doubt, is linked to the automotive Industry buy we have developed our co-creation, design and developments skills that can be applied to any other sector demanding high quality standards and optimal processes.<\/span><\/p>\n<p>[\/dipl_faq_page_schema_item][dipl_faq_page_schema_item faq_question=&#8221;Which are the averaged batch sizes in Indecober?&#8221; _builder_version=&#8221;4.10.7&#8243; _module_preset=&#8221;default&#8221; hover_enabled=&#8221;0&#8243; global_colors_info=&#8221;{}&#8221; sticky_enabled=&#8221;0&#8243;]<\/p>\n<p><span style=\"font-weight: 400;\">Indecober always applies\u00a0 the most suitable technology to every single project. Our lines, redundant and fully automated, are optimally designed for batches up to 10.000units. However, as we know that every single project has different characteristics, let us know your details and we will make a detailed feasibility study.<\/span><\/p>\n<p>[\/dipl_faq_page_schema_item][dipl_faq_page_schema_item faq_question=&#8221;Which kind of raw components are machined by Indecober?&#8221; _builder_version=&#8221;4.10.7&#8243; _module_preset=&#8221;default&#8221; hover_enabled=&#8221;0&#8243; global_colors_info=&#8221;{}&#8221; sticky_enabled=&#8221;0&#8243;]<\/p>\n<p><span style=\"font-weight: 400;\">We have a wide experience with the design, process automation and machining of different raw materials: Stamping, Forging, Casting, Sintered and fine blanking. However, we do not have any restrictions. In case you have any doubt, let us know and we will make a detailed feasibility study of your project.\u00a0<\/span><\/p>\n<p>[\/dipl_faq_page_schema_item][dipl_faq_page_schema_item faq_question=&#8221;Has Indecober any assembly or auxiliary capability?&#8221; _builder_version=&#8221;4.10.7&#8243; _module_preset=&#8221;default&#8221; hover_enabled=&#8221;0&#8243; global_colors_info=&#8221;{}&#8221; sticky_enabled=&#8221;0&#8243;]<\/p>\n<p><span style=\"font-weight: 400;\">Yes. Indecober has a wide network of partners for any auxiliary operations that are required. We assume the full responsibility of the final quality.<\/span><\/p>\n<p>[\/dipl_faq_page_schema_item][dipl_faq_page_schema_item faq_question=&#8221; Which are the advantages of Indecober?&#8221; _builder_version=&#8221;4.10.7&#8243; _module_preset=&#8221;default&#8221; hover_enabled=&#8221;0&#8243; global_colors_info=&#8221;{}&#8221; sticky_enabled=&#8221;0&#8243;]<\/p>\n<p><span style=\"font-weight: 400;\">We strongly believe in a Customer-Centric Strategy. Our model is based in Flexibility, Automation, Multitechnology,\u00a0 co-creation, shareholders\u2019 commitments, Industry 4.0, sustainable growth, reliability and financial health\u2026.but our final goal is only one: We fulfills our customers\u2019 needs, we make them more competitive and we growth together in the long term with them.\u00a0\u00a0<\/span><\/p>\n<p>[\/dipl_faq_page_schema_item][\/dipl_faq_page_schema][\/et_pb_column][\/et_pb_row][\/et_pb_section]<\/p>\n","protected":false},"excerpt":{"rendered":"<p>\u00bfEn qu\u00e9 podemos ayudarte?<br \/>\nPara m\u00e1s informaci\u00f3n sobre Indecober y nuestros servicios. Cont\u00e1ctanos.<\/p>\n","protected":false},"author":1,"featured_media":0,"parent":0,"menu_order":0,"comment_status":"closed","ping_status":"closed","template":"","meta":{"_et_pb_use_builder":"on","_et_pb_old_content":"","_et_gb_content_width":"","footnotes":""},"class_list":["post-255999","page","type-page","status-publish","hentry"],"yoast_head":"<!-- This site is optimized with the Yoast SEO plugin v27.4 - https:\/\/yoast.com\/product\/yoast-seo-wordpress\/ -->\n<title>Contact - indecober. Comprehensive machining<\/title>\n<meta name=\"robots\" content=\"index, follow, max-snippet:-1, max-image-preview:large, max-video-preview:-1\" \/>\n<link rel=\"canonical\" href=\"https:\/\/www.indecober.com\/en\/contact\/\" \/>\n<meta property=\"og:locale\" content=\"en_US\" \/>\n<meta property=\"og:type\" content=\"article\" \/>\n<meta property=\"og:title\" content=\"Contact - indecober. Comprehensive machining\" \/>\n<meta property=\"og:description\" content=\"\u00bfEn qu\u00e9 podemos ayudarte? Para m\u00e1s informaci\u00f3n sobre Indecober y nuestros servicios. Cont\u00e1ctanos.\" \/>\n<meta property=\"og:url\" content=\"https:\/\/www.indecober.com\/en\/contact\/\" \/>\n<meta property=\"og:site_name\" content=\"indecober. Comprehensive machining\" \/>\n<meta property=\"article:modified_time\" content=\"2021-09-22T07:56:38+00:00\" \/>\n<meta name=\"twitter:card\" content=\"summary_large_image\" \/>\n<meta name=\"twitter:label1\" content=\"Est. reading time\" \/>\n\t<meta name=\"twitter:data1\" content=\"8 minutes\" \/>\n<script type=\"application\/ld+json\" class=\"yoast-schema-graph\">{\"@context\":\"https:\\\/\\\/schema.org\",\"@graph\":[{\"@type\":\"WebPage\",\"@id\":\"https:\\\/\\\/www.indecober.com\\\/en\\\/contact\\\/\",\"url\":\"https:\\\/\\\/www.indecober.com\\\/en\\\/contact\\\/\",\"name\":\"Contact - indecober. Comprehensive machining\",\"isPartOf\":{\"@id\":\"https:\\\/\\\/www.indecober.com\\\/en\\\/#website\"},\"datePublished\":\"2021-09-20T08:14:48+00:00\",\"dateModified\":\"2021-09-22T07:56:38+00:00\",\"breadcrumb\":{\"@id\":\"https:\\\/\\\/www.indecober.com\\\/en\\\/contact\\\/#breadcrumb\"},\"inLanguage\":\"en-US\",\"potentialAction\":[{\"@type\":\"ReadAction\",\"target\":[\"https:\\\/\\\/www.indecober.com\\\/en\\\/contact\\\/\"]}]},{\"@type\":\"BreadcrumbList\",\"@id\":\"https:\\\/\\\/www.indecober.com\\\/en\\\/contact\\\/#breadcrumb\",\"itemListElement\":[{\"@type\":\"ListItem\",\"position\":1,\"name\":\"Portada\",\"item\":\"https:\\\/\\\/www.indecober.com\\\/en\\\/\"},{\"@type\":\"ListItem\",\"position\":2,\"name\":\"Contact\"}]},{\"@type\":\"WebSite\",\"@id\":\"https:\\\/\\\/www.indecober.com\\\/en\\\/#website\",\"url\":\"https:\\\/\\\/www.indecober.com\\\/en\\\/\",\"name\":\"indecober. Comprehensive machining\",\"description\":\"YOUR COMPREHENSIVE MACHINING SERVICE\",\"publisher\":{\"@id\":\"https:\\\/\\\/www.indecober.com\\\/en\\\/#organization\"},\"potentialAction\":[{\"@type\":\"SearchAction\",\"target\":{\"@type\":\"EntryPoint\",\"urlTemplate\":\"https:\\\/\\\/www.indecober.com\\\/en\\\/?s={search_term_string}\"},\"query-input\":{\"@type\":\"PropertyValueSpecification\",\"valueRequired\":true,\"valueName\":\"search_term_string\"}}],\"inLanguage\":\"en-US\"},{\"@type\":\"Organization\",\"@id\":\"https:\\\/\\\/www.indecober.com\\\/en\\\/#organization\",\"name\":\"Indecober S.L.U.\",\"url\":\"https:\\\/\\\/www.indecober.com\\\/en\\\/\",\"logo\":{\"@type\":\"ImageObject\",\"inLanguage\":\"en-US\",\"@id\":\"https:\\\/\\\/www.indecober.com\\\/en\\\/#\\\/schema\\\/logo\\\/image\\\/\",\"url\":\"https:\\\/\\\/www.indecober.com\\\/wp-content\\\/uploads\\\/2021\\\/09\\\/indecober-v.png\",\"contentUrl\":\"https:\\\/\\\/www.indecober.com\\\/wp-content\\\/uploads\\\/2021\\\/09\\\/indecober-v.png\",\"width\":1036,\"height\":746,\"caption\":\"Indecober S.L.U.\"},\"image\":{\"@id\":\"https:\\\/\\\/www.indecober.com\\\/en\\\/#\\\/schema\\\/logo\\\/image\\\/\"}}]}<\/script>\n<!-- \/ Yoast SEO plugin. -->","yoast_head_json":{"title":"Contact - indecober. Comprehensive machining","robots":{"index":"index","follow":"follow","max-snippet":"max-snippet:-1","max-image-preview":"max-image-preview:large","max-video-preview":"max-video-preview:-1"},"canonical":"https:\/\/www.indecober.com\/en\/contact\/","og_locale":"en_US","og_type":"article","og_title":"Contact - indecober. Comprehensive machining","og_description":"\u00bfEn qu\u00e9 podemos ayudarte? Para m\u00e1s informaci\u00f3n sobre Indecober y nuestros servicios. Cont\u00e1ctanos.","og_url":"https:\/\/www.indecober.com\/en\/contact\/","og_site_name":"indecober. Comprehensive machining","article_modified_time":"2021-09-22T07:56:38+00:00","twitter_card":"summary_large_image","twitter_misc":{"Est. reading time":"8 minutes"},"schema":{"@context":"https:\/\/schema.org","@graph":[{"@type":"WebPage","@id":"https:\/\/www.indecober.com\/en\/contact\/","url":"https:\/\/www.indecober.com\/en\/contact\/","name":"Contact - indecober. Comprehensive machining","isPartOf":{"@id":"https:\/\/www.indecober.com\/en\/#website"},"datePublished":"2021-09-20T08:14:48+00:00","dateModified":"2021-09-22T07:56:38+00:00","breadcrumb":{"@id":"https:\/\/www.indecober.com\/en\/contact\/#breadcrumb"},"inLanguage":"en-US","potentialAction":[{"@type":"ReadAction","target":["https:\/\/www.indecober.com\/en\/contact\/"]}]},{"@type":"BreadcrumbList","@id":"https:\/\/www.indecober.com\/en\/contact\/#breadcrumb","itemListElement":[{"@type":"ListItem","position":1,"name":"Portada","item":"https:\/\/www.indecober.com\/en\/"},{"@type":"ListItem","position":2,"name":"Contact"}]},{"@type":"WebSite","@id":"https:\/\/www.indecober.com\/en\/#website","url":"https:\/\/www.indecober.com\/en\/","name":"indecober. Comprehensive machining","description":"YOUR COMPREHENSIVE MACHINING SERVICE","publisher":{"@id":"https:\/\/www.indecober.com\/en\/#organization"},"potentialAction":[{"@type":"SearchAction","target":{"@type":"EntryPoint","urlTemplate":"https:\/\/www.indecober.com\/en\/?s={search_term_string}"},"query-input":{"@type":"PropertyValueSpecification","valueRequired":true,"valueName":"search_term_string"}}],"inLanguage":"en-US"},{"@type":"Organization","@id":"https:\/\/www.indecober.com\/en\/#organization","name":"Indecober S.L.U.","url":"https:\/\/www.indecober.com\/en\/","logo":{"@type":"ImageObject","inLanguage":"en-US","@id":"https:\/\/www.indecober.com\/en\/#\/schema\/logo\/image\/","url":"https:\/\/www.indecober.com\/wp-content\/uploads\/2021\/09\/indecober-v.png","contentUrl":"https:\/\/www.indecober.com\/wp-content\/uploads\/2021\/09\/indecober-v.png","width":1036,"height":746,"caption":"Indecober S.L.U."},"image":{"@id":"https:\/\/www.indecober.com\/en\/#\/schema\/logo\/image\/"}}]}},"_links":{"self":[{"href":"https:\/\/www.indecober.com\/en\/wp-json\/wp\/v2\/pages\/255999","targetHints":{"allow":["GET"]}}],"collection":[{"href":"https:\/\/www.indecober.com\/en\/wp-json\/wp\/v2\/pages"}],"about":[{"href":"https:\/\/www.indecober.com\/en\/wp-json\/wp\/v2\/types\/page"}],"author":[{"embeddable":true,"href":"https:\/\/www.indecober.com\/en\/wp-json\/wp\/v2\/users\/1"}],"replies":[{"embeddable":true,"href":"https:\/\/www.indecober.com\/en\/wp-json\/wp\/v2\/comments?post=255999"}],"version-history":[{"count":8,"href":"https:\/\/www.indecober.com\/en\/wp-json\/wp\/v2\/pages\/255999\/revisions"}],"predecessor-version":[{"id":256230,"href":"https:\/\/www.indecober.com\/en\/wp-json\/wp\/v2\/pages\/255999\/revisions\/256230"}],"wp:attachment":[{"href":"https:\/\/www.indecober.com\/en\/wp-json\/wp\/v2\/media?parent=255999"}],"curies":[{"name":"wp","href":"https:\/\/api.w.org\/{rel}","templated":true}]}}